{"id":86,"date":"2015-03-03T16:50:34","date_gmt":"2015-03-03T14:50:34","guid":{"rendered":"http:\/\/stormundspiegel.de\/?page_id=86"},"modified":"2021-03-26T23:35:12","modified_gmt":"2021-03-26T21:35:12","slug":"impressum","status":"publish","type":"page","link":"https:\/\/storm-projects.de\/en\/impressum\/","title":{"rendered":"Legal Disclosure"},"content":{"rendered":"<p><\/p>\n<div class=\"impressum\">Information in accordance with section 5 TMG<\/p>\n<p>Tatjana Storm<br \/>\nTumringerstrasse 199<br \/>\n79359 L\u00f6rrach<\/p>\n<p><strong>Contact:<\/strong><br \/>\nPhone: <a href=\"tel:+4976219498551\">+49 7621 9498 551<\/a><br \/>\nMobile: <a href=\"tel:+4915153900687\">+49 1515 3900 687<\/a><br \/>\nE-Mail: <a href=\"mailto:info@storm-projects.de\">info@storm-projects.de<\/a><br \/>\nWeb: <a href=\"http:\/\/storm-projects.de\">http:\/\/storm-projects.de<\/a><\/p>\n<p><strong>VAT number:<\/strong><br \/>\nVAT indentification number in accorance with section 27 a of the German VAT act<br \/>\n35841\/61285 Finanzamt L\u00f6rrach<\/p>\n<p><strong>Professions: <\/strong><br \/>\nJob title : Bauingenieur<\/p>\n<p><strong>Disclaimer<\/strong><\/p>\n<p><strong>Accountability for content<\/strong><\/p>\n<p>Die Inhalte unserer Seiten wurden mit gr\u00f6\u00dfter Sorgfalt erstellt. F\u00fcr die Richtigkeit, Vollst\u00e4ndigkeit und Aktualit\u00e4t der Inhalte k\u00f6nnen wir jedoch keine Gew\u00e4hr \u00fcbernehmen. Als Diensteanbieter sind wir gem\u00e4\u00df \u00a7 7 Abs.1 TMG f\u00fcr eigene Inhalte auf diesen Seiten nach den allgemeinen Gesetzen verantwortlich. Nach \u00a7\u00a7 8 bis 10 TMG sind wir als Diensteanbieter jedoch nicht verpflichtet, \u00fcbermittelte oder gespeicherte fremde Informationen zu \u00fcberwachen oder nach Umst\u00e4nden zu forschen, die auf eine rechtswidrige T\u00e4tigkeit hinweisen. Verpflichtungen zur Entfernung oder Sperrung der Nutzung von Informationen nach den allgemeinen Gesetzen bleiben hiervon unber\u00fchrt. Eine diesbez\u00fcgliche Haftung ist jedoch erst ab dem Zeitpunkt der Kenntnis einer konkreten Rechtsverletzung m\u00f6glich. Bei Bekanntwerden von entsprechenden Rechtsverletzungen werden wir diese Inhalte umgehend entfernen.<\/p>\n<p><strong>Accountability for content<\/strong><br \/>\nThe contents of our pages have been created with the utmost care. However, we cannot guarantee the contents&#8217; accuracy, completeness or topicality. According to statutory provisions, we are furthermore responsible for our own content on these web pages. In this context, please note that we are accordingly not obliged to monitor merely the transmitted or saved information of third parties, or investigate circumstances pointing to illegal activity. Our obligations to remove or block the use of information under generally applicable laws remain unaffected by this as per \u00a7\u00a7 8 to 10 of the Telemedia Act (TMG).<\/p>\n<p><strong>Accountability for links<\/strong><br \/>\nResponsibility for the content of external links (to web pages of third parties) lies solely with the operators of the linked pages. No violations were evident to us at the time of linking. Should any legal infringement become known to us, we will remove the respective link immediately.<\/p>\n<p><strong>Copyright<\/strong><br \/>\nOur web pages and their contents are subject to German copyright law. Unless expressly permitted by law (\u00a7 44a et seq. of the copyright law), every form of utilizing, reproducing or processing works subject to copyright protection on our web pages requires the prior consent of the respective owner of the rights. Individual reproductions of a work are allowed only for private use, so must not serve either directly or indirectly for earnings. Unauthorized utilization of copyrighted works is punishable (\u00a7 106 of the copyright law).<\/p>\n<\/div>\n<p><\/p>","protected":false},"excerpt":{"rendered":"<p>Information in accordance with section 5 TMG Tatjana Storm Tumringerstrasse 199 79359 L\u00f6rrach Contact: Phone: +49 7621 9498 551 Mobile: +49 1515 3900 687 E-Mail: info@storm-projects.de Web: http:\/\/storm-projects.de VAT number: VAT indentification number in accorance with section 27 a of the German VAT act 35841\/61285 Finanzamt L\u00f6rrach Professions: Job title : Bauingenieur Disclaimer Accountability for<a href=\"https:\/\/storm-projects.de\/en\/impressum\/\">[&#8230;]<\/a><\/p>\n","protected":false},"author":2,"featured_media":0,"parent":0,"menu_order":0,"comment_status":"closed","ping_status":"closed","template":"page-fullwidth.php","meta":{"footnotes":""},"class_list":["post-86","page","type-page","status-publish","hentry"],"aioseo_notices":[],"_links":{"self":[{"href":"https:\/\/storm-projects.de\/en\/wp-json\/wp\/v2\/pages\/86","targetHints":{"allow":["GET"]}}],"collection":[{"href":"https:\/\/storm-projects.de\/en\/wp-json\/wp\/v2\/pages"}],"about":[{"href":"https:\/\/storm-projects.de\/en\/wp-json\/wp\/v2\/types\/page"}],"author":[{"embeddable":true,"href":"https:\/\/storm-projects.de\/en\/wp-json\/wp\/v2\/users\/2"}],"replies":[{"embeddable":true,"href":"https:\/\/storm-projects.de\/en\/wp-json\/wp\/v2\/comments?post=86"}],"version-history":[{"count":15,"href":"https:\/\/storm-projects.de\/en\/wp-json\/wp\/v2\/pages\/86\/revisions"}],"predecessor-version":[{"id":383,"href":"https:\/\/storm-projects.de\/en\/wp-json\/wp\/v2\/pages\/86\/revisions\/383"}],"wp:attachment":[{"href":"https:\/\/storm-projects.de\/en\/wp-json\/wp\/v2\/media?parent=86"}],"curies":[{"name":"wp","href":"https:\/\/api.w.org\/{rel}","templated":true}]}}